{"id":700,"date":"2025-11-07T17:35:53","date_gmt":"2025-11-07T17:35:53","guid":{"rendered":"https:\/\/kingdomcross3f.com\/?page_id=700"},"modified":"2025-11-11T23:28:30","modified_gmt":"2025-11-11T23:28:30","slug":"the-testimony-behind-the-cross","status":"publish","type":"page","link":"https:\/\/kingdomcross3f.com\/pt\/the-testimony-behind-the-cross\/","title":{"rendered":"Testemunho da Cruz do Reino"},"content":{"rendered":"<div data-elementor-type=\"wp-page\" data-elementor-id=\"700\" class=\"elementor elementor-700\">\n\t\t\t\t<div class=\"elementor-element elementor-element-56b09d7 e-flex e-con-boxed e-con e-parent\" data-id=\"56b09d7\" data-element_type=\"container\" data-settings=\"{&quot;background_background&quot;:&quot;classic&quot;}\">\n\t\t\t\t\t<div class=\"e-con-inner\">\n\t\t\t\t<div class=\"elementor-element elementor-element-dc5739b elementor-invisible elementor-widget elementor-widget-heading\" data-id=\"dc5739b\" data-element_type=\"widget\" id=\"Inicial\" data-settings=\"{&quot;_animation&quot;:&quot;fadeIn&quot;}\" data-widget_type=\"heading.default\">\n\t\t\t\t\t<h2 class=\"elementor-heading-title elementor-size-default\">O Testemunho por Tr\u00e1s da Cruz do Reino <\/h2>\t\t\t\t<\/div>\n\t\t\t\t<div class=\"elementor-element elementor-element-9bcc286 elementor-widget elementor-widget-text-editor\" data-id=\"9bcc286\" data-element_type=\"widget\" data-widget_type=\"text-editor.default\">\n\t\t\t\t\t\t\t\t\t<p>Uma hist\u00f3ria ver\u00eddica. Um chamado. Uma miss\u00e3o.<\/p>\t\t\t\t\t\t\t\t<\/div>\n\t\t\t\t\t<\/div>\n\t\t\t\t<\/div>\n\t\t<div class=\"elementor-element elementor-element-5090924 e-flex e-con-boxed e-con e-parent\" data-id=\"5090924\" data-element_type=\"container\" data-settings=\"{&quot;background_background&quot;:&quot;classic&quot;}\">\n\t\t\t\t\t<div class=\"e-con-inner\">\n\t\t<div class=\"elementor-element elementor-element-2cc3f68 e-con-full e-flex e-con e-child\" data-id=\"2cc3f68\" data-element_type=\"container\">\n\t\t\t\t<div class=\"elementor-element elementor-element-20a0bfb elementor-widget elementor-widget-heading\" data-id=\"20a0bfb\" data-element_type=\"widget\" data-widget_type=\"heading.default\">\n\t\t\t\t\t<h2 class=\"elementor-heading-title elementor-size-default\">Um Carpinteiro da Alma<\/h2>\t\t\t\t<\/div>\n\t\t\t\t<div class=\"elementor-element elementor-element-5cd9574 elementor-widget elementor-widget-text-editor\" data-id=\"5cd9574\" data-element_type=\"widget\" data-widget_type=\"text-editor.default\">\n\t\t\t\t\t\t\t\t\t<p class=\"translation-block\">Eu n\u00e3o sou pastor.\nN\u00e3o sou perfeito. Sou apenas um homem comum. Um pecador. Um pai. Um marido. Um carpinteiro de alma\u2026\nMas carrego uma cruz nas m\u00e3os e outra no cora\u00e7\u00e3o.\nE continuo caminhando\u2026\nCom amor\u2026<\/p><p class=\"translation-block\">Por voc\u00ea.\nPelo Reino.\nE por Cristo, o Carpinteiro que me encontrou.<\/p><p class=\"translation-block\">Um dia, pedi para provar de Deus.\nN\u00e3o uma prova intelectual.\nEu queria experimentar a Sua exist\u00eancia. Eu queria sentir a Sua presen\u00e7a.<\/p><p>Durante anos, li a B\u00edblia. Estudei. Ensinei.<\/p><p class=\"translation-block\">Mas faltava algo.\nFaltava o encontro.\nAquele momento em que Deus n\u00e3o \u00e9 apenas mencionado, mas vivido.<\/p><p class=\"translation-block\">E em 22 de janeiro de 2025, em meio a um dos invernos mais rigorosos da Fl\u00f3rida, Ele veio.\nN\u00e3o com trov\u00f5es. N\u00e3o com aplausos.\nMas com presen\u00e7a.<\/p><p class=\"translation-block\">Poderia dizer que a B\u00edblia estava aberta e meu cora\u00e7\u00e3o em ru\u00ednas quando Ele me visitou.\nMas n\u00e3o foi assim\u2026<\/p><p class=\"translation-block\">Eu estava vivendo um dos momentos mais felizes da minha vida:\nCom minha esposa e filho, sem TV, internet ou celular.\nE ali mesmo\u2026 tudo mudou.<\/p><p>Acordado, ao lado da minha esposa, rezando apenas para conseguir dormir\u2026 Ele veio.<\/p><p class=\"translation-block\">Minhas l\u00e1grimas revelaram meus pecados, aqueles que conhecia...\nE at\u00e9 mesmo aqueles escondidos no fundo do meu cora\u00e7\u00e3o que eu nem sabia que existiam.<\/p><p class=\"translation-block\">E apesar do peso de todos os meus fracassos,\nsenti a maior alegria da minha vida.<\/p><p class=\"translation-block\">A tal dist\u00e2ncia que n\u00e3o consigo explicar, vi o Seu Reino dourado.\nEm meio \u00e0s minhas l\u00e1grimas\u2026 e ao maior Amor que j\u00e1 senti.\nEsse Amor transbordou Dele para mim\u2026\nE ainda o sinto hoje.<\/p><p class=\"translation-block\">Sim\u2026 eu te amo em Cristo Jesus.\nMesmo sem te conhecer, sinto sua dor. Compreendo sua busca.<\/p><p class=\"translation-block\">Mas preciso lhe dizer:\nN\u00e3o \u00e9 voc\u00ea quem est\u00e1 procurando a Deus.\n\u00c9 Ele que est\u00e1 procurando voc\u00ea.<\/p><p class=\"translation-block\">Em meio aquele sentimento paradoxal de dor e amor,\nEle falou comigo\u2026 Eu n\u00e3o ouvi Sua voz.\nMas entendi cada palavra:<\/p><p>\u201cMeu filho\u2026 voc\u00ea ainda tem tanto a aprender.\u201d<\/p>\t\t\t\t\t\t\t\t<\/div>\n\t\t\t\t<div class=\"elementor-element elementor-element-2ff6821 elementor-widget elementor-widget-image\" data-id=\"2ff6821\" data-element_type=\"widget\" data-widget_type=\"image.default\">\n\t\t\t\t\t\t\t\t\t\t\t\t\t\t\t<img fetchpriority=\"high\" decoding=\"async\" width=\"683\" height=\"1024\" src=\"https:\/\/kingdomcross3f.com\/wp-content\/uploads\/2025\/11\/Eu-ia-683x1024.png\" class=\"attachment-large size-large wp-image-715\" alt=\"\" srcset=\"https:\/\/kingdomcross3f.com\/wp-content\/uploads\/2025\/11\/Eu-ia-683x1024.png 683w, https:\/\/kingdomcross3f.com\/wp-content\/uploads\/2025\/11\/Eu-ia-200x300.png 200w, https:\/\/kingdomcross3f.com\/wp-content\/uploads\/2025\/11\/Eu-ia-768x1152.png 768w, https:\/\/kingdomcross3f.com\/wp-content\/uploads\/2025\/11\/Eu-ia.png 1024w\" sizes=\"(max-width: 683px) 100vw, 683px\" \/>\t\t\t\t\t\t\t\t\t\t\t\t\t\t\t<\/div>\n\t\t\t\t<div class=\"elementor-element elementor-element-1337c33 elementor-widget elementor-widget-heading\" data-id=\"1337c33\" data-element_type=\"widget\" data-widget_type=\"heading.default\">\n\t\t\t\t\t<h2 class=\"elementor-heading-title elementor-size-default\">Voc\u00ea j\u00e1 conhece a Cristo.<\/h2>\t\t\t\t<\/div>\n\t\t\t\t<div class=\"elementor-element elementor-element-3104766 elementor-widget elementor-widget-text-editor\" data-id=\"3104766\" data-element_type=\"widget\" data-widget_type=\"text-editor.default\">\n\t\t\t\t\t\t\t\t\t<p>That\u2019s why you\u2019re here.<br \/>Because you\u2019re someone like me&#8230;<br \/>Trying to become a better father, a more present mother, a more loving husband or wife&#8230;<\/p><p>A person who reflects Jesus more.<\/p><p class=\"translation-block\">Voc\u00ea anseia por um encontro com o Pai.\nE sabe que, se isso acontecer, ser\u00e1 apenas porque Ele permitiu.\nVoc\u00ea sabe que nada vem por m\u00e9rito pr\u00f3prio.<\/p><p><strong>Toda a gl\u00f3ria pertence a Ele.<\/strong><\/p><p>Salvation isn\u2019t about worthiness, yours or mine.<\/p><p>It is grace.<br \/>It is Love.<br \/>It is the result of Christ\u2019s sacrifice on the Cross.<\/p><p class=\"translation-block\">\u00c9 por isso que convido voc\u00ea a trilhar este caminho comigo.\nSe Cristo permitir, por meio de n\u00f3s, mais filhos e filhas ser\u00e3o resgatados.\nMais almas ser\u00e3o alcan\u00e7adas.\nN\u00e3o por obriga\u00e7\u00e3o\u2026<\/p><p><strong>Mas por amor.<\/strong><\/p><p class=\"translation-block\">Mateus 7:16-20:\n\u201cPelos seus frutos os reconhecereis.\nPorventura colhem-se uvas de espinheiros ou figos de abrolhos?\nAssim, toda \u00e1rvore boa d\u00e1 bons frutos, mas a \u00e1rvore m\u00e1 d\u00e1 frutos maus.\nUma \u00e1rvore boa n\u00e3o pode dar frutos maus, nem uma \u00e1rvore m\u00e1 dar frutos bons.\nToda \u00e1rvore que n\u00e3o d\u00e1 bons frutos \u00e9 cortada e lan\u00e7ada ao fogo.\nPortanto, pelos seus frutos os reconhecereis.\u201d<\/p><p><strong>Ela carrega um sinal.<\/strong><\/p><p class=\"translation-block\">Um lembrete de que a esperan\u00e7a ainda est\u00e1 viva.\nQue Jesus vive e transforma.\nQue Deus ainda est\u00e1 procurando por seus filhos.<\/p><p>Come with me.<\/p><p>Not to admire a Cross on a shelf&#8230;<br \/>But to carry this mission&#8230; with your love, your scars, and your faith.<\/p><p>Together, we can reach those who need it most.<\/p><p><strong>It\u2019s about souls.<\/strong><\/p><p class=\"translation-block\">A KC n\u00e3o se trata de madeira.\nEla se trata do Carpinteiro que tamb\u00e9m est\u00e1 te chamando.<\/p><p class=\"translation-block\">A Cruz do Reino n\u00e3o \u00e9 minha. Nem sua.\nUma vez que voc\u00ea se torna parte disso\u2026 ela se torna a miss\u00e3o de Deus, confiada a n\u00f3s.<\/p><p class=\"translation-block\">Vamos, juntos, alcan\u00e7ar nossos irm\u00e3os e irm\u00e3s.\nResgatar os perdidos.\nTocar aqueles que vivem em sil\u00eancio, em dor, com fome, em afli\u00e7\u00e3o e no pecado.<\/p>\t\t\t\t\t\t\t\t<\/div>\n\t\t\t\t<\/div>\n\t\t<div class=\"elementor-element elementor-element-6a2c982 e-con-full e-flex e-con e-child\" data-id=\"6a2c982\" data-element_type=\"container\">\n\t\t\t\t<div class=\"elementor-element elementor-element-2b05e77 elementor-widget elementor-widget-image\" data-id=\"2b05e77\" data-element_type=\"widget\" data-widget_type=\"image.default\">\n\t\t\t\t\t\t\t\t\t\t\t\t\t\t\t<img decoding=\"async\" width=\"747\" height=\"1024\" src=\"https:\/\/kingdomcross3f.com\/wp-content\/uploads\/2025\/11\/Kingdom-Cross-27-747x1024.png\" class=\"attachment-large size-large wp-image-723\" alt=\"\" srcset=\"https:\/\/kingdomcross3f.com\/wp-content\/uploads\/2025\/11\/Kingdom-Cross-27-747x1024.png 747w, https:\/\/kingdomcross3f.com\/wp-content\/uploads\/2025\/11\/Kingdom-Cross-27-219x300.png 219w, https:\/\/kingdomcross3f.com\/wp-content\/uploads\/2025\/11\/Kingdom-Cross-27-768x1052.png 768w, https:\/\/kingdomcross3f.com\/wp-content\/uploads\/2025\/11\/Kingdom-Cross-27-1121x1536.png 1121w, https:\/\/kingdomcross3f.com\/wp-content\/uploads\/2025\/11\/Kingdom-Cross-27.png 1188w\" sizes=\"(max-width: 747px) 100vw, 747px\" \/>\t\t\t\t\t\t\t\t\t\t\t\t\t\t\t<\/div>\n\t\t\t\t<div class=\"elementor-element elementor-element-f827ea5 elementor-widget elementor-widget-text-editor\" data-id=\"f827ea5\" data-element_type=\"widget\" data-widget_type=\"text-editor.default\">\n\t\t\t\t\t\t\t\t\t<p class=\"translation-block\">Permaneci um longo tempo na presen\u00e7a do Pai.\nE acredite... n\u00e3o foi o suficiente.\nEu queria mais.\nAinda quero mais.\n(L\u00e1grimas me v\u00eam aos olhos enquanto tento descrever o indescrit\u00edvel para voc\u00ea.)<\/p><p>Minha esposa e meu filho gravaram mais de uma hora e quarenta minutos de v\u00eddeo a meu pedido.<\/p><p class=\"translation-block\">Eu estava em um estado que nem eu reconhecia\u2026 mas totalmente consciente.\nPor um instante, eles pensaram que eu tinha enlouquecido.\nMesmo assim, eu disse a eles que estava bem.\nQue eu estava s\u00e3o.<\/p><p>Eu sabia o que eles estavam pensando... porque eu teria pensado o mesmo se estivesse no lugar deles.<\/p><p>1 Cor\u00edntios 1:18: \u201cPorque a mensagem da cruz \u00e9 loucura para os que est\u00e3o perecendo, mas para n\u00f3s, que estamos sendo salvos, \u00e9 o poder de Deus.\u201d<\/p><p>1 Cor\u00edntios 1:21: \u201cPorque, visto que na sabedoria de Deus o mundo n\u00e3o o conheceu por meio da sua pr\u00f3pria sabedoria, Deus achou por bem salvar os que creem pela loucura da prega\u00e7\u00e3o.\u201d<\/p><p>Mas o que eu descobri a:<\/p><p><strong>A prova da exist\u00eancia de Deus.<br \/><\/strong><\/p><p><strong>A partir daquele dia, nada foi o mesmo.<\/strong><\/p><p class=\"translation-block\">Mas o mundo e as dores voltaram\u2026\nA afli\u00e7\u00e3o, a culpa silenciosa, as falhas ocultas.<\/p><p class=\"translation-block\">E foi assim que nasceu a Kingdom Cross.<\/p><p class=\"translation-block\">Ela veio \u00e0 mente logo ap\u00f3s aquele encontro.\nE nasceu da dor.<\/p><p class=\"translation-block\">Das l\u00e1grimas escondidas que encharcaram meu travesseiro.\nDas repetidas falhas.\nDas batalhas que s\u00f3 Deus conhecia.<\/p><p class=\"translation-block\">A primeira Cruz foi esculpida atrav\u00e9s de l\u00e1grimas, ora\u00e7\u00f5es e adora\u00e7\u00e3o.\nE por meio dela, com temor e rever\u00eancia, eu te digo: um m\u00e9todo de entrega espiritual me foi revelado:<\/p><ol><li>Fortalecimento Espiritual.<\/li><li>- Prote\u00e7\u00e3o da casa e Fam\u00edlia.<\/li><li>- Discernimento sobre o Mundo.<\/li><li>- Estrat\u00e9gia de vida.<\/li><li>- Combate Espiritual.<\/li><\/ol><p class=\"translation-block\">Os detalhes dessa estrat\u00e9gia crist\u00e3 acompanham cada Kingdom Cross.<\/p><p>Elas s\u00e3o reveladas no momento certo, \u00e0quele que est\u00e1 preparado, porque cada KC \u00e9 esculpido em ora\u00e7\u00e3o.<\/p><p class=\"translation-block\">As sete cruzes seguintes nasceram com a mesma entrega.\nMas nenhum como o primeiro.<\/p><p class=\"translation-block\">E assim, com madeira, adora\u00e7\u00e3o e entrega,\ncomecei a entender a miss\u00e3o por tr\u00e1s da Kingdom Cross 3F.<\/p><p class=\"translation-block\">Nossa jornada.\nUm projeto de Deus.<\/p><p class=\"translation-block\">Procuro seguir os passos de Jesus\u2026\nE quanto mais caminho, mais percebo o quanto preciso Dele para continuar.<\/p><p><strong>Venha caminhar comigo.<\/strong><\/p><p class=\"translation-block\">A jornada \u00e9 longa. Mas Ele nunca nos deixa sozinhos.\nAinda sinto que h\u00e1 muito a ser feito por Cristo, tanto no mundo quanto dentro de mim.<\/p><p>E eu me identifico profundamente com as palavras de Paulo em:<\/p><p class=\"translation-block\">Romanos 7:19: \u201cPorque n\u00e3o fa\u00e7o o bem que quero, mas o mal que n\u00e3o quero, esse fa\u00e7o.\u201d<\/p>\t\t\t\t\t\t\t\t<\/div>\n\t\t\t\t<div class=\"elementor-element elementor-element-bd2c23e elementor-widget elementor-widget-image\" data-id=\"bd2c23e\" data-element_type=\"widget\" data-widget_type=\"image.default\">\n\t\t\t\t\t\t\t\t\t\t\t\t\t\t\t<img decoding=\"async\" width=\"747\" height=\"1024\" src=\"https:\/\/kingdomcross3f.com\/wp-content\/uploads\/2025\/11\/Kingdom-Cross-29-747x1024.png\" class=\"attachment-large size-large wp-image-730\" alt=\"\" srcset=\"https:\/\/kingdomcross3f.com\/wp-content\/uploads\/2025\/11\/Kingdom-Cross-29-747x1024.png 747w, https:\/\/kingdomcross3f.com\/wp-content\/uploads\/2025\/11\/Kingdom-Cross-29-219x300.png 219w, https:\/\/kingdomcross3f.com\/wp-content\/uploads\/2025\/11\/Kingdom-Cross-29-768x1052.png 768w, https:\/\/kingdomcross3f.com\/wp-content\/uploads\/2025\/11\/Kingdom-Cross-29-1121x1536.png 1121w, https:\/\/kingdomcross3f.com\/wp-content\/uploads\/2025\/11\/Kingdom-Cross-29.png 1188w\" sizes=\"(max-width: 747px) 100vw, 747px\" \/>\t\t\t\t\t\t\t\t\t\t\t\t\t\t\t<\/div>\n\t\t\t\t<div class=\"elementor-element elementor-element-a0c613a elementor-widget elementor-widget-text-editor\" data-id=\"a0c613a\" data-element_type=\"widget\" data-widget_type=\"text-editor.default\">\n\t\t\t\t\t\t\t\t\t<p><strong>Voc\u00ea...<\/strong><\/p><p>E este simples carpinteiro, que escreve com todo o seu cora\u00e7\u00e3o\u2026<\/p><p><strong>Por meio de Cristo\u2026<\/strong><\/p><p>Podem ser usados para alcan\u00e7ar aqueles que precisam de Deus.<\/p><p class=\"translation-block\">Atrav\u00e9s da sua dor, da sua busca, do seu amor\u2026\nN\u00f3s, juntos\u2026 entregaremos o Amor.\nE apresentaremos Jesus da maneira como Ele deseja ser apresentado.<\/p><p>E, ao faz\u00ea-lo, n\u00f3s tamb\u00e9m seremos transformados.<\/p><p class=\"translation-block\">Obrigado por caminharem comigo.\nObrigado pelo desafio de construir este site.\nEle me guiou por muitas p\u00e1ginas da B\u00edblia, em meio a louvores, atrav\u00e9s da ora\u00e7\u00e3o.<\/p><p class=\"translation-block\">Assim como a Kingdom Cross, este site foi criado em entrega e para voc\u00ea.\nQue ele te conduza a Cristo, assim como me conduziu.<\/p><p>Que Deus te aben\u00e7oe\u2026 Em nome de Jesus Cristo.<\/p>\t\t\t\t\t\t\t\t<\/div>\n\t\t\t\t<\/div>\n\t\t\t\t\t<\/div>\n\t\t\t\t<\/div>\n\t\t<div class=\"elementor-element elementor-element-942e384 e-flex e-con-boxed e-con e-parent\" data-id=\"942e384\" data-element_type=\"container\" data-settings=\"{&quot;background_background&quot;:&quot;gradient&quot;}\">\n\t\t\t\t\t<div class=\"e-con-inner\">\n\t\t\t\t<div class=\"elementor-element elementor-element-9970831 elementor-invisible elementor-widget elementor-widget-heading\" data-id=\"9970831\" data-element_type=\"widget\" data-settings=\"{&quot;_animation&quot;:&quot;fadeIn&quot;}\" data-widget_type=\"heading.default\">\n\t\t\t\t\t<h2 class=\"elementor-heading-title elementor-size-default\"><a href=\"https:\/\/kingdomcross3f.com\/pt\/#testimony-return\">De volta ao ponto de partida.<\/a><\/h2>\t\t\t\t<\/div>\n\t\t\t\t\t<\/div>\n\t\t\t\t<\/div>\n\t\t<div class=\"elementor-element elementor-element-b95fb64 e-flex e-con-boxed e-con e-parent\" data-id=\"b95fb64\" data-element_type=\"container\" data-settings=\"{&quot;background_background&quot;:&quot;classic&quot;}\">\n\t\t\t\t\t<div class=\"e-con-inner\">\n\t\t<div class=\"elementor-element elementor-element-d437db3 e-con-full e-flex e-con e-child\" data-id=\"d437db3\" data-element_type=\"container\">\n\t\t\t\t<div class=\"elementor-element elementor-element-4f50333 elementor-widget elementor-widget-image\" data-id=\"4f50333\" data-element_type=\"widget\" data-widget_type=\"image.default\">\n\t\t\t\t\t\t\t\t\t\t\t\t\t\t\t<img loading=\"lazy\" decoding=\"async\" width=\"683\" height=\"1024\" src=\"https:\/\/kingdomcross3f.com\/wp-content\/uploads\/2025\/11\/ChatGPT-Image-8-de-nov.-de-2025-00_12_32-683x1024.png\" class=\"attachment-large size-large wp-image-796\" alt=\"\" srcset=\"https:\/\/kingdomcross3f.com\/wp-content\/uploads\/2025\/11\/ChatGPT-Image-8-de-nov.-de-2025-00_12_32-683x1024.png 683w, https:\/\/kingdomcross3f.com\/wp-content\/uploads\/2025\/11\/ChatGPT-Image-8-de-nov.-de-2025-00_12_32-200x300.png 200w, https:\/\/kingdomcross3f.com\/wp-content\/uploads\/2025\/11\/ChatGPT-Image-8-de-nov.-de-2025-00_12_32-768x1152.png 768w, https:\/\/kingdomcross3f.com\/wp-content\/uploads\/2025\/11\/ChatGPT-Image-8-de-nov.-de-2025-00_12_32.png 1024w\" sizes=\"(max-width: 683px) 100vw, 683px\" \/>\t\t\t\t\t\t\t\t\t\t\t\t\t\t\t<\/div>\n\t\t\t\t<\/div>\n\t\t<div class=\"elementor-element elementor-element-b399a5b e-con-full e-flex e-con e-child\" data-id=\"b399a5b\" data-element_type=\"container\">\n\t\t\t\t<div class=\"elementor-element elementor-element-672f198 elementor-widget elementor-widget-heading\" data-id=\"672f198\" data-element_type=\"widget\" data-widget_type=\"heading.default\">\n\t\t\t\t\t<h2 class=\"elementor-heading-title elementor-size-default\">Pegue sua cruz e siga Jesus.<\/h2>\t\t\t\t<\/div>\n\t\t\t\t<div class=\"elementor-element elementor-element-86f3021 elementor-widget elementor-widget-text-editor\" data-id=\"86f3021\" data-element_type=\"widget\" data-widget_type=\"text-editor.default\">\n\t\t\t\t\t\t\t\t\t<p data-start=\"304\" data-end=\"438\"><strong data-start=\"304\" data-end=\"346\">\u00c0s vezes, tudo o que \u00e9 preciso \u00e9 um instante.<\/strong><\/p><p data-start=\"304\" data-end=\"438\">Uma frase, uma imagem, uma fa\u00edsca de f\u00e9\u2026<\/p><p data-start=\"304\" data-end=\"438\">E de repente, o cora\u00e7\u00e3o sabe: chegou a hora.<\/p><p data-start=\"440\" data-end=\"513\">Isso n\u00e3o tem nada a ver com religi\u00e3o.<\/p><p data-start=\"440\" data-end=\"513\">Trata-se de um chamado. Um sussurro silencioso dentro de voc\u00ea.<\/p><p data-start=\"515\" data-end=\"668\">Talvez estivesse esperando por um sinal.<\/p><p data-start=\"515\" data-end=\"668\">Talvez... seja isso.<\/p><p data-start=\"515\" data-end=\"668\">As cicatrizes de um carpinteiro\u2026<\/p><p data-start=\"515\" data-end=\"668\">Uma cruz feita em ora\u00e7\u00e3o\u2026<\/p><p data-start=\"515\" data-end=\"668\">E o Deus que ainda te chama pelo nome.<\/p>\t\t\t\t\t\t\t\t<\/div>\n\t\t\t\t<\/div>\n\t\t\t\t\t<\/div>\n\t\t\t\t<\/div>\n\t\t<div class=\"elementor-element elementor-element-5e9aeda e-flex e-con-boxed e-con e-parent\" data-id=\"5e9aeda\" data-element_type=\"container\" data-settings=\"{&quot;background_background&quot;:&quot;classic&quot;}\">\n\t\t\t\t\t<div class=\"e-con-inner\">\n\t\t\t\t<div class=\"elementor-element elementor-element-6c97728 elementor-invisible elementor-widget elementor-widget-heading\" data-id=\"6c97728\" data-element_type=\"widget\" data-settings=\"{&quot;_animation&quot;:&quot;fadeIn&quot;}\" data-widget_type=\"heading.default\">\n\t\t\t\t\t<h2 class=\"elementor-heading-title elementor-size-default\"><a href=\"https:\/\/kingdomcross3f.com\/pt\/formulario\/\" target=\"_blank\">Meu cora\u00e7\u00e3o decidiu\u2026 Estou pronto para escolher a minha cruz.<\/a><\/h2>\t\t\t\t<\/div>\n\t\t\t\t\t<\/div>\n\t\t\t\t<\/div>\n\t\t<div class=\"elementor-element elementor-element-2b3394f e-flex e-con-boxed e-con e-parent\" data-id=\"2b3394f\" data-element_type=\"container\" data-settings=\"{&quot;background_background&quot;:&quot;gradient&quot;}\">\n\t\t\t\t\t<div class=\"e-con-inner\">\n\t\t\t\t<div class=\"elementor-element elementor-element-aef4a81 elementor-align-center elementor-widget elementor-widget-button\" data-id=\"aef4a81\" data-element_type=\"widget\" data-widget_type=\"button.default\">\n\t\t\t\t\t\t\t\t\t\t<a class=\"elementor-button elementor-button-link elementor-size-sm\" href=\"https:\/\/kingdomcross3f.com\/pt\/the-carpenter\/#testimony-return\">\n\t\t\t\t\t\t<span class=\"elementor-button-content-wrapper\">\n\t\t\t\t\t\t\t\t\t<span class=\"elementor-button-text\">Voltar para a p\u00e1gina O Carpinteiro<\/span>\n\t\t\t\t\t<\/span>\n\t\t\t\t\t<\/a>\n\t\t\t\t\t\t\t\t<\/div>\n\t\t\t\t<div class=\"elementor-element elementor-element-d1c3099 elementor-align-center elementor-widget elementor-widget-button\" data-id=\"d1c3099\" data-element_type=\"widget\" data-widget_type=\"button.default\">\n\t\t\t\t\t\t\t\t\t\t<a class=\"elementor-button elementor-button-link elementor-size-sm\" href=\"https:\/\/kingdomcross3f.com\/pt\/themes\/#retornothemes\">\n\t\t\t\t\t\t<span class=\"elementor-button-content-wrapper\">\n\t\t\t\t\t\t\t\t\t<span class=\"elementor-button-text\">Back to Series<\/span>\n\t\t\t\t\t<\/span>\n\t\t\t\t\t<\/a>\n\t\t\t\t\t\t\t\t<\/div>\n\t\t\t\t<div class=\"elementor-element elementor-element-e11d37d elementor-align-center elementor-widget elementor-widget-button\" data-id=\"e11d37d\" data-element_type=\"widget\" data-widget_type=\"button.default\">\n\t\t\t\t\t\t\t\t\t\t<a class=\"elementor-button elementor-button-link elementor-size-sm\" href=\"https:\/\/kingdomcross3f.com\/pt\/kingdom-cross-3f\/\">\n\t\t\t\t\t\t<span class=\"elementor-button-content-wrapper\">\n\t\t\t\t\t\t\t\t\t<span class=\"elementor-button-text\">Back to Kingdom Cross 3F<\/span>\n\t\t\t\t\t<\/span>\n\t\t\t\t\t<\/a>\n\t\t\t\t\t\t\t\t<\/div>\n\t\t\t\t\t<\/div>\n\t\t\t\t<\/div>\n\t\t<div class=\"elementor-element elementor-element-8a77d5b e-flex e-con-boxed e-con e-parent\" data-id=\"8a77d5b\" data-element_type=\"container\">\n\t\t\t\t\t<div class=\"e-con-inner\">\n\t\t\t\t\t<\/div>\n\t\t\t\t<\/div>\n\t\t\t\t<\/div>","protected":false},"excerpt":{"rendered":"<p>The Testimony Behind The Kingdom Cross A true story. A calling. A mission. A Carpenter of the Soul I am [&hellip;]<\/p>","protected":false},"author":1,"featured_media":0,"parent":0,"menu_order":0,"comment_status":"closed","ping_status":"closed","template":"","meta":{"site-sidebar-layout":"no-sidebar","site-content-layout":"","ast-site-content-layout":"full-width-container","site-content-style":"default","site-sidebar-style":"default","ast-global-header-display":"","ast-banner-title-visibility":"","ast-main-header-display":"","ast-hfb-above-header-display":"","ast-hfb-below-header-display":"","ast-hfb-mobile-header-display":"","site-post-title":"disabled","ast-breadcrumbs-content":"","ast-featured-img":"disabled","footer-sml-layout":"","theme-transparent-header-meta":"","adv-header-id-meta":"","stick-header-meta":"","header-above-stick-meta":"","header-main-stick-meta":"","header-below-stick-meta":"","astra-migrate-meta-layouts":"default","ast-page-background-enabled":"default","ast-page-background-meta":{"desktop":{"background-color":"var(--ast-global-color-5)","background-image":"","background-repeat":"repeat","background-position":"center center","background-size":"auto","background-attachment":"scroll","background-type":"","background-media":"","overlay-type":"","overlay-color":"","overlay-opacity":"","overlay-gradient":""},"tablet":{"background-color":"","background-image":"","background-repeat":"repeat","background-position":"center center","background-size":"auto","background-attachment":"scroll","background-type":"","background-media":"","overlay-type":"","overlay-color":"","overlay-opacity":"","overlay-gradient":""},"mobile":{"background-color":"","background-image":"","background-repeat":"repeat","background-position":"center center","background-size":"auto","background-attachment":"scroll","background-type":"","background-media":"","overlay-type":"","overlay-color":"","overlay-opacity":"","overlay-gradient":""}},"ast-content-background-meta":{"desktop":{"background-color":"var(--ast-global-color-4)","background-image":"","background-repeat":"repeat","background-position":"center center","background-size":"auto","background-attachment":"scroll","background-type":"","background-media":"","overlay-type":"","overlay-color":"","overlay-opacity":"","overlay-gradient":""},"tablet":{"background-color":"var(--ast-global-color-4)","background-image":"","background-repeat":"repeat","background-position":"center center","background-size":"auto","background-attachment":"scroll","background-type":"","background-media":"","overlay-type":"","overlay-color":"","overlay-opacity":"","overlay-gradient":""},"mobile":{"background-color":"var(--ast-global-color-4)","background-image":"","background-repeat":"repeat","background-position":"center center","background-size":"auto","background-attachment":"scroll","background-type":"","background-media":"","overlay-type":"","overlay-color":"","overlay-opacity":"","overlay-gradient":""}},"footnotes":""},"class_list":["post-700","page","type-page","status-publish","hentry"],"_links":{"self":[{"href":"https:\/\/kingdomcross3f.com\/pt\/wp-json\/wp\/v2\/pages\/700","targetHints":{"allow":["GET"]}}],"collection":[{"href":"https:\/\/kingdomcross3f.com\/pt\/wp-json\/wp\/v2\/pages"}],"about":[{"href":"https:\/\/kingdomcross3f.com\/pt\/wp-json\/wp\/v2\/types\/page"}],"author":[{"embeddable":true,"href":"https:\/\/kingdomcross3f.com\/pt\/wp-json\/wp\/v2\/users\/1"}],"replies":[{"embeddable":true,"href":"https:\/\/kingdomcross3f.com\/pt\/wp-json\/wp\/v2\/comments?post=700"}],"version-history":[{"count":92,"href":"https:\/\/kingdomcross3f.com\/pt\/wp-json\/wp\/v2\/pages\/700\/revisions"}],"predecessor-version":[{"id":999,"href":"https:\/\/kingdomcross3f.com\/pt\/wp-json\/wp\/v2\/pages\/700\/revisions\/999"}],"wp:attachment":[{"href":"https:\/\/kingdomcross3f.com\/pt\/wp-json\/wp\/v2\/media?parent=700"}],"curies":[{"name":"wp","href":"https:\/\/api.w.org\/{rel}","templated":true}]}}